{"id":3,"date":"2018-10-18T16:48:20","date_gmt":"2018-10-18T16:48:20","guid":{"rendered":"http:\/\/dev2.pmmg.group\/?page_id=3"},"modified":"2024-02-12T16:57:01","modified_gmt":"2024-02-12T16:57:01","slug":"datenschutz","status":"publish","type":"page","link":"https:\/\/pmmg.group\/en\/datenschutz\/","title":{"rendered":"Privacy Policy"},"content":{"rendered":"<style>.elementor-3 .elementor-element.elementor-element-3e215f54:not(.elementor-motion-effects-element-type-background), .elementor-3 .elementor-element.elementor-element-3e215f54 > .elementor-motion-effects-container > .elementor-motion-effects-layer{background-color:var( --e-global-color-dc78308 );}.elementor-3 .elementor-element.elementor-element-3e215f54{overflow:hidden;transition:background 0.3s, border 0.3s, border-radius 0.3s, box-shadow 0.3s;}.elementor-3 .elementor-element.elementor-element-3e215f54 > .elementor-background-overlay{transition:background 0.3s, border-radius 0.3s, opacity 0.3s;}.elementor-3 .elementor-element.elementor-element-df2607e > .elementor-element-populated{margin:11% 11% 11% 11%;--e-column-margin-right:11%;--e-column-margin-left:11%;}.elementor-3 .elementor-element.elementor-element-713ec06c{font-family:var( --e-global-typography-secondary-font-family ), Sans-serif;font-size:var( --e-global-typography-secondary-font-size );font-weight:var( --e-global-typography-secondary-font-weight );text-transform:var( --e-global-typography-secondary-text-transform );font-style:var( --e-global-typography-secondary-font-style );line-height:var( --e-global-typography-secondary-line-height );}@media(max-width:1024px){.elementor-3 .elementor-element.elementor-element-713ec06c{font-size:var( --e-global-typography-secondary-font-size );line-height:var( --e-global-typography-secondary-line-height );}}@media(max-width:767px){.elementor-3 .elementor-element.elementor-element-713ec06c{width:var( --container-widget-width, 262px );max-width:262px;--container-widget-width:262px;--container-widget-flex-grow:0;font-size:var( --e-global-typography-secondary-font-size );line-height:var( --e-global-typography-secondary-line-height );}.elementor-3 .elementor-element.elementor-element-713ec06c > .elementor-widget-container{margin:30% 0% 0% 0%;padding:0px 0px 0px 0px;}}<\/style>\t\t<div data-elementor-type=\"wp-page\" data-elementor-id=\"3\" class=\"elementor elementor-3\" data-elementor-post-type=\"page\">\n\t\t\t\t\t\t<section class=\"elementor-section elementor-top-section elementor-element elementor-element-3e215f54 elementor-section-boxed elementor-section-height-default elementor-section-height-default\" data-id=\"3e215f54\" data-element_type=\"section\" data-settings=\"{&quot;background_background&quot;:&quot;classic&quot;}\">\n\t\t\t\t\t\t<div class=\"elementor-container elementor-column-gap-default\">\n\t\t\t\t\t<div class=\"elementor-column elementor-col-100 elementor-top-column elementor-element elementor-element-df2607e\" data-id=\"df2607e\" data-element_type=\"column\">\n\t\t\t<div class=\"elementor-widget-wrap elementor-element-populated\">\n\t\t\t\t\t\t<div class=\"elementor-element elementor-element-713ec06c elementor-widget-mobile__width-initial elementor-widget elementor-widget-text-editor\" data-id=\"713ec06c\" data-element_type=\"widget\" data-widget_type=\"text-editor.default\">\n\t\t\t\t<div class=\"elementor-widget-container\">\n\t\t\t\t\t\t\t\t\t<h2>Data protection declaration<\/h2><p>We want to promote user confidence in the web and for this reason we disclose how we handle personal data. Below you can find out what information we collect, for what purposes and how we handle it.<\/p><p>The privacy policy contains special information for applicants as well as general information that applies to both applicants and other visitors to our website.<\/p><p>As it is a matter of course for us to handle your data with care and to treat it confidentially, we would ask you to send us only serious applications and to check attached files for viruses etc. before forwarding them to us.<\/p><div class=\"content\"><div class=\"nwj-fce nwj-grid-2 container\"><div class=\"row\"><div class=\"col-xs-12 col-sm-12 col-md-6 col-lg-6\"><div id=\"c255\"><div class=\"ce-textpic ce-right ce-intext\"><div class=\"ce-bodytext\"><p><b>1.\u00a0\u00a0\u00a0\u00a0\u00a0<\/b><b>Objectives and responsibility\u00a0<\/b><\/p><p>1. This data protection declaration clarifies the type, scope and purpose of the processing of personal data within our online offer and the associated websites, functions and content (hereinafter jointly referred to as \"online offer\" or \"website\"). The privacy policy applies regardless of the domains, systems, platforms and devices (e.g. desktop or mobile) on which the online offer is executed.<\/p><p>2. Provider of the online offer and responsible under data protection law is PMMG Group GmbH, Guerickestr. 25, 80805 Munich, e-mail: \u00a0<a href=\"mailto:info@pmmg.group\">info@pmmg.group<\/a>\u00a0(hereinafter referred to as \"we\" or \"us\"). For information on the legal representative and other contact options, please refer to our legal notice:\u00a0<br \/><a href=\"https:\/\/pmmg.group\/en\/impressum\/\" target=\"_blank\" rel=\"noopener\">www.pmmg.group\/impressum\/<\/a><\/p><p>3. You can reach our data protection officer at the following e-mail address: privacy@pmmg.group<\/p><p>4. The term \"user\" used below includes both applicants and other website visitors. All terms used, such as \"applicant\", are to be understood as gender-neutral.<\/p><p><b>2.\u00a0\u00a0\u00a0\u00a0\u00a0<\/b><b>Basic information on data processing and legal basis\u00a0<\/b><\/p><p>1. We only process users' personal data in compliance with the relevant data protection regulations. This means that user data will only be processed if we have legal permission to do so. I.e., in particular if the data processing is necessary for the provision of our contractual services (e.g. processing of orders) and online services, or is required by law, the consent of the user is available, as well as due to our legitimate interests (i.e. interest in the analysis, optimization and economic operation and security of our online offer within the meaning of Art. 6 para. 1 lit. f. GDPR, or until the GDPR comes into force on the basis of Section 15 (3) TMG), in particular in measuring reach, creating profiles for advertising and marketing purposes, collecting access data and using the services of third-party providers.<\/p><p>2. With regard to the processing of personal data on the basis of the General Data Protection Regulation (GDPR), we would like to point out that the legal basis for consent is Art. 6 para. 1 lit. a and Art. 7 GDPR, the legal basis for processing for the performance of our services and implementation of contractual measures Art. 6 para. 1 lit. b GDPR, the legal basis for processing to fulfill our legal obligations is Art. 6 para. 1 lit. c GDPR, and the legal basis for processing to protect our legitimate interests is Art. 6 para. 1 lit. f GDPR.<\/p><p><b>3.\u00a0\u00a0\u00a0\u00a0\u00a0<\/b><b>Security measures\u00a0<\/b><\/p><p>1. We take organizational, contractual and technical security measures in accordance with the state of the art to ensure that the provisions of data protection laws are complied with and to protect the data processed by us against accidental or intentional manipulation, loss, destruction or against access by unauthorized persons.<\/p><p>2. Security measures include in particular the encrypted transmission of data between your browser and our server.<\/p><p><b>4.\u00a0\u00a0\u00a0\u00a0\u00a0<\/b><b>Disclosure of data to third parties and third-party providers<\/b><\/p><p>1. Data will only be passed on to third parties within the framework of legal requirements. We only pass on user data to third parties if this is necessary, e.g. for billing purposes or for other purposes if these are necessary to fulfill our contractual obligations to the users.<\/p><p>2. If we use subcontractors to provide our services, we take appropriate legal precautions and appropriate technical and organizational measures to ensure the protection of personal data in accordance with the relevant legal regulations.<\/p><p>3. If content, tools or other means from other providers (hereinafter jointly referred to as \"third-party providers\") are used within the scope of this data protection declaration and their registered office is located in a third country, it can be assumed that data will be transferred to the countries in which the third-party providers are based.<\/p><p>4. Third countries are countries in which the GDPR is not directly applicable law, i.e. generally countries outside the EU or the European Economic Area.<\/p><p>5. The transfer of data to third countries takes place either if there is an adequate level of data protection, user consent or other legal permission.<\/p><p><b>5.\u00a0\u00a0\u00a0\u00a0\u00a0<\/b><b>Purpose and scope of the processing of applicant data\u00a0<\/b><\/p><p>1. We process the applicant data only for the purpose and in the context of the application procedure in accordance with the legal requirements. Applicant data is processed to fulfill our contractual obligations and on the basis of our legitimate interests, as well as the interests of applicants in the implementation of a fast and effective application process.<\/p><p>2. The application procedure requires applicants to provide us with the applicant data. The necessary applicant data is marked as such in our online form. This includes personal details, postal and contact addresses and the documents relating to the application, such as cover letter, CV and references. Applicants can also voluntarily provide us with additional information. By submitting their application to us, applicants consent to the processing of their data for the purposes of the application process in accordance with the type and scope set out in this privacy policy.<\/p><p><b>6.\u00a0\u00a0\u00a0\u00a0\u00a0<\/b><b>Forwarding of applicant data<\/b><\/p><p>1. We do not pass on applicant data to third parties. However, we may be supported by external service providers or other companies within our group of companies as part of the application process. These service providers may also process applicant data. The service providers process the applicants' data only on our behalf and on the basis of contractual obligations that provide for compliance with the agreed organizational and technical measures.<\/p><p>2. Applicant data may also be passed on if a position has been expressly advertised by several companies within our group of companies, i.e. the application procedure is carried out by several companies.<\/p><p>3. In all other cases, we ask the applicants for permission before we pass on their data.<\/p><p><b>7.\u00a0\u00a0\u00a0\u00a0\u00a0<\/b><b>Type of transmission of applications\u00a0<\/b><\/p><p>1. Applicants can send us their applications using the contact form on our website. The data is transmitted to us in encrypted form in accordance with the state of the art.<\/p><p>2 Alternatively, applicants can send us their applications by e-mail. Please note, however, that e-mails are not sent in encrypted form. We can therefore accept no responsibility for the transmission path of the application between the sender and receipt on our server and therefore recommend using the online form.<\/p><p>3. Instead of applying via the online form and e-mail, applicants still have the option of sending us their application by post.<\/p><p><b>8.\u00a0\u00a0\u00a0\u00a0\u00a0<\/b><b>Storage and deletion of applicant data\u00a0<\/b><\/p><p>1. The data provided by applicants may be further processed by us for the purposes of the employment relationship in the event of a successful application.<\/p><p>2. Otherwise, if the application for a job offer is not successful, the applicant's data will be deleted. Applicants' data will also be deleted if an application is withdrawn, which applicants are entitled to do at any time.<\/p><p>3. Subject to a justified revocation by the applicant, the deletion will take place after a period of six months so that we can answer any follow-up questions about the application and meet our obligations to provide evidence under the General Equal Treatment Act (AGG).<\/p><p><b>9.\u00a0\u00a0\u00a0\u00a0\u00a0<\/b><b>Contact us\u00a0<\/b><\/p><p>1. When contacting us, the user's details are processed to process the contact request and its handling.<\/p><p>2. User data must be stored as business letters for 6 years due to legal requirements and for 10 years in the case of legal tax relevance.<\/p><p><b>10.\u00a0\u00a0<\/b><b>Rights of the users<\/b><\/p><p>1. Users have the right to request information about the personal data that we have stored about them In addition, users have the right to correct incorrect data, restrict the processing and deletion of their personal data, if applicable, to assert their rights to data portability and, in the event of the assumption of unlawful data processing, to lodge a complaint with the competent supervisory authority (Bavarian State Office for Data Protection Supervision, P.O. Box 606, 91511 Ansbach).<\/p><p>2. Users can also revoke their consent, in principle with effect for the future, without giving reasons.<\/p><p><b>11.\u00a0\u00a0<\/b><b>Deletion of data\u00a0<\/b><\/p><p>1. The data stored by us will be deleted as soon as it is no longer required for its intended purpose and the deletion does not conflict with any statutory retention obligations. If the user's data is not deleted because it is required for other and legally permissible purposes, its processing will be restricted. This means that the data is blocked and not processed for other purposes. This applies, for example, to user data that must be retained for commercial or tax law reasons.<\/p><p>2. In accordance with legal requirements, storage takes place for 6 years in accordance with \u00a7 257 para. 1 HGB (trading books, inventories, opening balance sheets, annual financial statements, commercial letters, accounting documents, etc.) and for 10 years in accordance with \u00a7 147 para. 1 AO (books, records, management reports, accounting documents, commercial and business letters, documents relevant for taxation, etc.).<\/p><p><b>12.\u00a0\u00a0<\/b><b>Right of objection<br \/><\/b>Users may object to the future processing of their personal data at any time without giving reasons in accordance with the statutory provisions. In particular, the objection may be made against processing for direct marketing purposes.<\/p><p><b>13.\u00a0\u00a0<\/b><b>Changes to the privacy policy<\/b><\/p><p>1. We reserve the right to amend this privacy policy to adapt it to changes in the legal situation, or to changes in the service or data processing. However, this only applies to statements regarding data processing. If user consent is required or if parts of the privacy policy contain provisions of the contractual relationship with users, the changes will only be made with the user's consent.<\/p><p>2.     Users are asked to inform themselves regularly about the content of the data protection declaration.<\/p><h2>Google Analytics<\/h2><p>If you have given your consent, this website uses Google Analytics, a web analysis service provided by Google LLC. The responsible service provider in the EU is Google Ireland Limited, Gordon House, Barrow Street, Dublin 4, Ireland (\"Google\").<\/p><p><strong>Umfang der Verarbeitung<\/strong><\/p><\/div><\/div><\/div><\/div><\/div><\/div><\/div><div class=\"content\"><div class=\"nwj-fce nwj-grid-2 container\"><div class=\"row\"><div class=\"col-xs-12 col-sm-12 col-md-6 col-lg-6\"><div id=\"c272\"><div class=\"ce-textpic ce-right ce-intext\"><div class=\"ce-bodytext\"><p>Google Analytics uses cookies that enable an analysis of your use of our website. The information collected through cookies about your use of this website is usually transferred to a Google server in the USA and stored there. We use the User ID function. Using the User ID, we can assign a unique, permanent ID to one or more sessions (and the activities within these sessions) and analyze user behavior across devices. We use the \u2018anonymizeIP\u2019 function (so-called IP masking): Due to the activation of IP anonymization on this website, your IP address will be shortened by Google within member states of the European Union or in other contracting states to the Agreement on the European Economic Area. Only in exceptional cases will the full IP address be transmitted to a Google server in the USA and shortened there. The IP address transmitted by your browser as part of Google Analytics will not be combined with other data.<\/p><p>by Google. During your website visit, the following data is collected, among others:<\/p><ul><li>the pages you visit, your \u201cclick path\u201d<\/li><li>Achievement of website goals (conversions, e.g. newsletter subscriptions, downloads, purchases)<\/li><li>Your user behavior (e.g. clicks, dwell time, bounce rates)<\/li><li>Your approximate location (region)<\/li><li>Your IP address (in abbreviated form)<\/li><li>technical information about your browser and the devices you use (e.g. language settings, screen resolution)<\/li><li>Your internet provider<\/li><li>the referrer URL (from which website\/advertising medium you came to this website)<\/li><\/ul><p><strong>Purposes of processing<\/strong><br \/>On behalf of the operator of this website, Google will use this information to evaluate your use of the website and to compile reports on website activity. The reports provided by Google Analytics are used to analyze the performance of our website and the success of our marketing campaigns.<\/p><p><strong>Recipient<\/strong><\/p><\/div><\/div><\/div><\/div><\/div><\/div><\/div><div class=\"content\"><div class=\"nwj-fce nwj-grid-2 container\"><div class=\"row\"><div class=\"col-xs-12 col-sm-12 col-md-6 col-lg-6\"><div id=\"c272\"><div class=\"ce-textpic ce-right ce-intext\"><div class=\"ce-bodytext\"><p>recipient of the data is<\/p><ul><li>Google Ireland Limited, Gordon House, Barrow Street, Dublin 4, Ireland<\/li><\/ul><p>as a processor. For this purpose, we have concluded a data processing agreement with Google. Google LLC, based in California, USA, and possibly US authorities can access the data stored by Google.<\/p><p><strong>Transfer to third countries<\/strong><\/p><\/div><\/div><\/div><\/div><\/div><\/div><\/div><div class=\"ce-bodytext\">A transfer of data to the USA cannot be ruled out.<\/div><div>\u00a0<\/div><div class=\"ce-bodytext\"><strong><br \/>Storage period<\/strong><\/div><div class=\"ce-bodytext\">The data we send and linked to cookies is automatically deleted after 14 months. Data whose retention period has been reached is automatically deleted once a month.<\/div><div class=\"footer\">\u00a0<\/div><footer><div class=\"container\"><p>You can also prevent Google from collecting the data generated by the cookie and relating to your use of the website (including your IP address) and from processing this data by Google by<br \/>a. Do not give your consent to the setting of the cookie or b. Use the browser add-on to deactivate Google Analytics <a href=\"https:\/\/tools.google.com\/dlpage\/gaoptout?hl=de\">HIER<\/a> download and install.<\/p><p>You can also prevent cookies from being saved by selecting the appropriate settings in your browser. However, if you configure your browser to reject all cookies, some of the functionality on this and other websites may be restricted.<\/p><p><strong>Legal basis and possibility of revocation<\/strong><br \/>Your consent is required for this data processing, Art. 6 (1) (a) GDPR. You can revoke your consent at any time with future effect by accessing the cookie settings and changing your selection there.<\/p><p>For more information about Google Analytics Terms of Use and Google\u2019s Privacy Policy, please visit <a href=\"https:\/\/marketingplatform.google.com\/about\/analytics\/terms\/de\/\">https:\/\/marketingplatform.google.com\/about\/analytics\/terms\/de\/<\/a> and under <a href=\"https:\/\/policies.google.com\/?hl=de\">https:\/\/policies.google.com\/?hl=de<\/a>.<\/p><h4>Use of SalesViewer\u00ae technology:<\/h4><p>On this website, data is collected and stored for marketing, market research and optimization purposes using SalesViewer\u00ae technology from SalesViewer\u00ae GmbH on the basis of the legitimate interests of the website operator (Art. 6 (1) (f) GDPR).<\/p><p>For this purpose, a JavaScript-based code is used to collect company-related data and its corresponding use. The data collected with this technology is encrypted using a non-reversible one-way function (so-called hashing). The data is immediately pseudonymized and not used to personally identify the visitor to this website.<\/p><p>The data stored within Salesviewer will be deleted as soon as it is no longer required for its intended purpose and there are no legal retention obligations that prevent deletion.<\/p><p>You can object to the collection and storage of data at any time with effect for the future by clicking on this link<span class=\"Apple-converted-space\">\u00a0<\/span><a style=\"color: #0078d7; word-break: break-all;\" title=\"https:\/\/www.salesviewer.com\/opt-out\" href=\"https:\/\/www.salesviewer.com\/opt-out\">https:\/\/www.salesviewer.com\/opt-out<\/a><span class=\"Apple-converted-space\">\u00a0<\/span>to prevent SalesViewer\u00ae from collecting data on this website in the future. An opt-out cookie for this website will be stored on your device. If you delete your cookies in this browser, you will need to click this link again.<span class=\"Apple-converted-space\">\u00a0<\/span><\/p><div><span class=\"Apple-converted-space\">\u00a0<\/span><\/div><\/div><\/footer>\t\t\t\t\t\t\t\t<\/div>\n\t\t\t\t<\/div>\n\t\t\t\t\t<\/div>\n\t\t<\/div>\n\t\t\t\t\t<\/div>\n\t\t<\/section>\n\t\t\t\t<\/div>","protected":false},"excerpt":{"rendered":"<p>Datenschutz Erkl\u00e4rung Wir m\u00f6chten das Vertrauen der Nutzer in das Web f\u00f6rdern und legen aus diesem Grund den Umgang mit personenbezogenen Daten offen. Nachfolgend erfahren Sie, welche Informationen zu welchen Zwecken wir sammeln und wie wir mit ihnen verfahren. Die Datenschutzerkl\u00e4rung enth\u00e4lt spezielle Hinweise f\u00fcr Bewerber sowie allgemeine Angaben, die sowohl f\u00fcr die Bewerber, als [&hellip;]<\/p>\n","protected":false},"author":1,"featured_media":0,"parent":0,"menu_order":20,"comment_status":"closed","ping_status":"closed","template":"","meta":{"footnotes":""},"class_list":["post-3","page","type-page","status-publish","hentry"],"aioseo_notices":[],"_links":{"self":[{"href":"https:\/\/pmmg.group\/en\/wp-json\/wp\/v2\/pages\/3","targetHints":{"allow":["GET"]}}],"collection":[{"href":"https:\/\/pmmg.group\/en\/wp-json\/wp\/v2\/pages"}],"about":[{"href":"https:\/\/pmmg.group\/en\/wp-json\/wp\/v2\/types\/page"}],"author":[{"embeddable":true,"href":"https:\/\/pmmg.group\/en\/wp-json\/wp\/v2\/users\/1"}],"replies":[{"embeddable":true,"href":"https:\/\/pmmg.group\/en\/wp-json\/wp\/v2\/comments?post=3"}],"version-history":[{"count":28,"href":"https:\/\/pmmg.group\/en\/wp-json\/wp\/v2\/pages\/3\/revisions"}],"predecessor-version":[{"id":4419,"href":"https:\/\/pmmg.group\/en\/wp-json\/wp\/v2\/pages\/3\/revisions\/4419"}],"wp:attachment":[{"href":"https:\/\/pmmg.group\/en\/wp-json\/wp\/v2\/media?parent=3"}],"curies":[{"name":"wp","href":"https:\/\/api.w.org\/{rel}","templated":true}]}}